{"id":98799,"date":"2022-08-03T18:13:56","date_gmt":"2022-08-03T18:13:56","guid":{"rendered":"https:\/\/lockandenjoy.com\/politique-de-confidentialite\/"},"modified":"2026-03-06T09:32:57","modified_gmt":"2026-03-06T09:32:57","slug":"politica-de-privacidad","status":"publish","type":"page","link":"https:\/\/lockandenjoy.com\/fr\/politica-de-privacidad\/","title":{"rendered":"Politique de confidentialit\u00e9"},"content":{"rendered":"\t\t<div data-elementor-type=\"wp-page\" data-elementor-id=\"98799\" class=\"elementor elementor-98799 elementor-2485\" data-elementor-post-type=\"page\">\n\t\t\t\t<div class=\"elementor-element elementor-element-9db5c14 e-flex e-con-boxed e-con e-parent\" data-id=\"9db5c14\" data-element_type=\"container\" data-e-type=\"container\">\n\t\t\t\t\t<div class=\"e-con-inner\">\n\t\t\t\t<div class=\"elementor-element elementor-element-d035c58 elementor-widget elementor-widget-heading\" data-id=\"d035c58\" data-element_type=\"widget\" data-e-type=\"widget\" data-widget_type=\"heading.default\">\n\t\t\t\t\t<h2 class=\"elementor-heading-title elementor-size-default\">Politique de confidentialit\u00e9<\/h2>\t\t\t\t<\/div>\n\t\t\t\t<div class=\"elementor-element elementor-element-0ffd128 elementor-widget elementor-widget-text-editor\" data-id=\"0ffd128\" data-element_type=\"widget\" data-e-type=\"widget\" data-widget_type=\"text-editor.default\">\n\t\t\t\t\t\t\t\t\t<p><strong>QUI EST LE RESPONSABLE DU TRAITEMENT DES DONN\u00c9ES PERSONNELLES ?<\/strong><\/p><p>Conform\u00e9ment aux dispositions de la r\u00e9glementation en vigueur, art. 24 du R\u00e8glement 2016\/679 du Parlement europ\u00e9en et du Conseil, du 27 avril 2016 (ci-apr\u00e8s RGPD), nous vous informons que les donn\u00e9es \u00e0 caract\u00e8re personnel que vous pourriez fournir lors de l&rsquo;utilisation de <a href=\"https:\/\/lockandenjoy.com\/fr\/\">www.lockandenjoy.com<\/a> (ci-apr\u00e8s \u00ab le SITE \u00bb) seront trait\u00e9es en tant que responsable du traitement par SERVICIOS TUR\u00cdSTICOS INTELIGENTES SL, avec le CIF B10799237 et le si\u00e8ge social<\/p><p>C\/ ZARAGOZA 34, 41001, S\u00c9VILLE, ESPAGNE. De la m\u00eame mani\u00e8re, r\u00e9pondant ainsi aux exigences de l&rsquo;article 13 du RGPD relatives aux informations \u00e0 fournir lors de la collecte de donn\u00e9es personnelles de la personne concern\u00e9e, nous fournirons ci-dessous ces informations dans les sections suivantes. <\/p><p><strong>\u00caTES-VOUS OBLIG\u00c9 DE FOURNIR DES DONN\u00c9ES PERSONNELLES\u202f?<\/strong><\/p><p>La visite du site WEB n&rsquo;implique pas que l&rsquo;UTILISATEUR soit oblig\u00e9 de fournir quelconque information sur lui-m\u00eame. Cependant, l&rsquo;utilisation de certains des services disponibles sur le site WEB d\u00e9pend du remplissage de formulaires de donn\u00e9es personnelles. Les donn\u00e9es demand\u00e9es dans les diff\u00e9rents formulaires du site Web sont n\u00e9cessaires pour fournir les services demand\u00e9s. Le refus de fournir les donn\u00e9es marqu\u00e9es comme obligatoires peut rendre impossible la bonne prestation de ces services. De m\u00eame, l&rsquo;utilisateur peut fournir des donn\u00e9es de mani\u00e8re volontaire afin que ces services puissent \u00eatre fournis de mani\u00e8re optimale.    <\/p><p>De m\u00eame, certaines fonctionnalit\u00e9s du site web d\u00e9pendent de votre autorisation pour le traitement de vos donn\u00e9es personnelles. Par cons\u00e9quent, conform\u00e9ment \u00e0 l&rsquo;article 7 du R\u00e8glement Europ\u00e9en 2016\/679 (ci-apr\u00e8s RGPD), l&rsquo;utilisateur, d\u00e8s le moment o\u00f9 il saisit ses donn\u00e9es personnelles et accepte leur int\u00e9gration, consent \u00e0 leur utilisation aux fins indiqu\u00e9es. <\/p><p><strong>DANS QUEL BUT L\u2019ENTREPRISE TRAITERA-T-ELLE LES DONN\u00c9ES PERSONNELLES DE L\u2019UTILISATEUR ET PENDANT COMBIEN DE TEMPS ?<\/strong><\/p><p>Les donn\u00e9es personnelles que vous nous fournirez pour la prestation des diff\u00e9rents services mis \u00e0 votre disposition via le site web seront trait\u00e9es par SERVICIOS TUR\u00cdSTICOS INTELIGENTES SL, conform\u00e9ment aux finalit\u00e9s suivantes : Dans l&rsquo;enregistrement en ligne, l&rsquo;objectif est de g\u00e9rer la cr\u00e9ation d&rsquo;un compte UTILISATEUR pour la prise en charge des diff\u00e9rents services propos\u00e9s par l&rsquo;ENTREPRISE permettant le traitement t\u00e9l\u00e9matique des diff\u00e9rents services d&rsquo;enregistrement.<br>Dans le cas o\u00f9 un courriel de contact fourni serait inclus, l&rsquo;objectif sera de r\u00e9pondre \u00e0 la demande effectu\u00e9e.<br>Pour les Services d&rsquo;Assistance T\u00e9l\u00e9phonique, les appels pass\u00e9s au Service Client de l&rsquo;ENTREPRISE peuvent \u00eatre enregistr\u00e9s pour des raisons de qualit\u00e9 de service.<br>Nous vous informons que certaines fonctionnalit\u00e9s du site web d\u00e9pendent de l&rsquo;utilisation de cookies, c&rsquo;est pourquoi, dans le cas o\u00f9 vous n&rsquo;auriez pas refus\u00e9 leur utilisation, certaines informations li\u00e9es \u00e0 votre utilisation du site web seront trait\u00e9es. Vous pouvez trouver les conditions de leur utilisation dans la \u00ab Politique de Cookies \u00bb. <\/p><p>Au moment de demander l\u2019un des services ou d\u2019utiliser les fonctionnalit\u00e9s indiqu\u00e9es, des informations plus d\u00e9taill\u00e9es sur les traitements sp\u00e9cifiques vous seront fournies.<\/p><p><strong>PENDANT COMBIEN DE TEMPS LOCK &amp; ENJOY TRAITERA-T-IL VOS DONN\u00c9ES PERSONNELLES ?<\/strong><\/p><p>Les donn\u00e9es de l\u2019utilisateur seront conserv\u00e9es aussi longtemps que n\u00e9cessaire pour la fourniture des services demand\u00e9s et, une fois cette prestation termin\u00e9e, ses donn\u00e9es seront conserv\u00e9es pendant le temps strictement n\u00e9cessaire, ou selon celui l\u00e9galement \u00e9tabli pour d\u2019\u00e9ventuelles responsabilit\u00e9s d\u00e9coulant du service. Pour les utilisateurs enregistr\u00e9s, le traitement des donn\u00e9es sera \u00e9galement maintenu pendant le temps strictement n\u00e9cessaire, ou jusqu\u2019\u00e0 la demande de suppression du compte en vertu de leur droit \u00e0 l\u2019effacement. <\/p><p>Dans le cas de l&rsquo;enregistrement des appels t\u00e9l\u00e9phoniques pour des raisons de qualit\u00e9, la dur\u00e9e maximale de conservation sera de six mois.<\/p><p><strong>QUELLES CAT\u00c9GORIES DE DONN\u00c9ES SONT TRAIT\u00c9ES ?<\/strong><\/p><p>Les donn\u00e9es \u00e0 caract\u00e8re personnel n\u00e9cessaires \u00e0 la fourniture des diff\u00e9rents services disponibles sur le site web seront celles indiqu\u00e9es dans le formulaire correspondant pr\u00e9vu \u00e0 cet effet.<\/p><p><strong>QUELLE EST LA L\u00c9GITIMIT\u00c9 DU TRAITEMENT DE VOS DONN\u00c9ES ?<\/strong><\/p><p>Le traitement de vos donn\u00e9es personnelles par SERVICIOS TURISTICOS INTELIGENTES SL est prot\u00e9g\u00e9 par votre demande des services mis \u00e0 votre disposition via le site web ou, le cas \u00e9ch\u00e9ant, par le consentement demand\u00e9 pour les finalit\u00e9s pr\u00e9c\u00e9demment sp\u00e9cifi\u00e9es et que vous pourrez retirer \u00e0 tout moment. Cependant, si le consentement est r\u00e9voqu\u00e9, cela n&rsquo;affecte pas la l\u00e9galit\u00e9 des op\u00e9rations de traitement ant\u00e9rieures. <\/p><p><strong>\u00c0 QUI POUVONS-NOUS COMMUNIQUER VOS DONN\u00c9ES ?<\/strong><\/p><p>Les donn\u00e9es personnelles fournies par l&rsquo;UTILISATEUR ne seront pas communiqu\u00e9es \u00e0 des tiers, sauf si cela est n\u00e9cessaire \u00e0 la prestation des services demand\u00e9s, ou lorsque l&rsquo;UTILISATEUR a express\u00e9ment accept\u00e9 cette communication. Dans les deux cas, l&rsquo;UTILISATEUR sera d\u00fbment inform\u00e9 de cette possibilit\u00e9 avant de proc\u00e9der \u00e0 la communication de ses donn\u00e9es personnelles. <\/p><p><strong>RESPONSABILIT\u00c9 DE L&rsquo;USAG\u00c8RE ?<\/strong><\/p><p>L&rsquo;UTILISATEUR garantit que les donn\u00e9es fournies \u00e0 SERVICES TOURISTIQUES INTELLIGENTS SL sont vraies, exactes, compl\u00e8tes et \u00e0 jour. \u00c0 cet effet, l&rsquo;Utilisateur est responsable de la v\u00e9racit\u00e9 de toutes les informations communiqu\u00e9es et maintiendra \u00e0 jour les informations fournies afin qu&rsquo;elles refl\u00e8tent sa situation r\u00e9elle. <\/p><p>Il sera \u00e9galement responsable des informations fausses ou incorrectes qu&rsquo;il fournit via le site Web et des dommages et int\u00e9r\u00eats, directs ou indirects, que cela pourrait causer \u00e0 SERVICIOS TURISTICOS INTELIGENTES SL ou \u00e0 des tiers.<\/p><p><strong>QUELS DROITS L&rsquo;UTILISATEUR A-T-IL ?<\/strong><\/p><p>L&rsquo;UTILISATEUR peut envoyer un \u00e9crit \u00e0 l&rsquo;adresse de l&rsquo;entreprise ou par courrier \u00e9lectronique \u00e0 <a href=\"mailto:info@lockandenjoy.com\">info@lockandenjoy.com<\/a>, en indiquant la r\u00e9f\u00e9rence \u00ab Politique de Confidentialit\u00e9 \u00bb, en joignant une photocopie de la carte d&rsquo;identit\u00e9, \u00e0 tout moment et gratuitement, pour :<\/p><p>R\u00e9voquer les consentements accord\u00e9s.Acc\u00e9der \u00e0 vos donn\u00e9es personnelles.Rectifier les donn\u00e9es inexactes ou incompl\u00e8tes.Demander la suppression de vos donn\u00e9es lorsque, entre autres raisons, les donn\u00e9es ne sont plus n\u00e9cessaires aux fins pour lesquelles elles ont \u00e9t\u00e9 collect\u00e9es.Obtenir de l&rsquo;ENTREPRISE la limitation du traitement des donn\u00e9es lorsque l&rsquo;une des conditions pr\u00e9vues par la r\u00e9glementation sur la protection des donn\u00e9es est remplie.Demander la portabilit\u00e9 de vos donn\u00e9es.Porter r\u00e9clamation aupr\u00e8s de l&rsquo;Agence espagnole de protection des donn\u00e9es lorsque l&rsquo;int\u00e9ress\u00e9 estime que l&rsquo;ENTREPRISE a viol\u00e9 les droits qui lui sont reconnus par la r\u00e9glementation applicable en mati\u00e8re de protection des donn\u00e9es.<\/p><p><strong>EST-IL S\u00dbR DE FOURNIR DES DONN\u00c9ES PERSONNELLES ?<\/strong><\/p><p>SERVICES TOURISTIQUES INTELLIGENTS SL traitera les donn\u00e9es de l&rsquo;Utilisateur \u00e0 tout moment de mani\u00e8re strictement confidentielle et respectera l&rsquo;obligation de secret \u00e0 leur \u00e9gard, conform\u00e9ment aux dispositions de la r\u00e9glementation applicable, en adoptant les mesures techniques et organisationnelles n\u00e9cessaires pour garantir la s\u00e9curit\u00e9 de ses donn\u00e9es et \u00e9viter leur alt\u00e9ration, perte, traitement ou acc\u00e8s non autoris\u00e9, compte tenu de l&rsquo;\u00e9tat de la technologie, de la nature des donn\u00e9es stock\u00e9es et des risques auxquels elles sont expos\u00e9es.  <\/p><p><strong>POURRAIT-ON MODIFIER LA POLITIQUE DE CONFIDENTIALIT\u00c9\u202f?<\/strong><\/p><p>L&rsquo;ENTREPRISE se r\u00e9serve le droit de modifier la pr\u00e9sente Politique de Confidentialit\u00e9 afin de l&rsquo;adapter aux nouvelles dispositions l\u00e9gislatives qui pourraient survenir. Dans ces cas, les modifications introduites seront annonc\u00e9es sur le site web avec un pr\u00e9avis raisonnable avant leur mise en \u0153uvre. <\/p><p>Derni\u00e8re mise \u00e0 jour : 5 ao\u00fbt 2022<\/p>\t\t\t\t\t\t\t\t<\/div>\n\t\t\t\t\t<\/div>\n\t\t\t\t<\/div>\n\t\t<div class=\"elementor-element elementor-element-60e6588 e-flex e-con-boxed e-con e-parent\" data-id=\"60e6588\" data-element_type=\"container\" data-e-type=\"container\" data-settings=\"{&quot;background_background&quot;:&quot;classic&quot;}\">\n\t\t\t\t\t<div class=\"e-con-inner\">\n\t\t\t\t<div class=\"elementor-element elementor-element-6880e90 elementor-widget elementor-widget-heading\" data-id=\"6880e90\" data-element_type=\"widget\" data-e-type=\"widget\" data-widget_type=\"heading.default\">\n\t\t\t\t\t<p class=\"elementor-heading-title elementor-size-default\"><a href=\"https:\/\/lockandenjoy.com\/fr\/\">LOCK &amp; Enjoy!<\/a><\/p>\t\t\t\t<\/div>\n\t\t\t\t<div class=\"elementor-element elementor-element-efba65c elementor-widget elementor-widget-heading\" data-id=\"efba65c\" data-element_type=\"widget\" data-e-type=\"widget\" data-widget_type=\"heading.default\">\n\t\t\t\t\t<p class=\"elementor-heading-title elementor-size-default\">\/<\/p>\t\t\t\t<\/div>\n\t\t\t\t\t<\/div>\n\t\t\t\t<\/div>\n\t\t<div class=\"elementor-element elementor-element-2a21433 e-con-full e-flex e-con e-parent\" data-id=\"2a21433\" data-element_type=\"container\" data-e-type=\"container\" data-settings=\"{&quot;background_background&quot;:&quot;classic&quot;}\">\n\t\t\t\t<div class=\"elementor-element elementor-element-4875933 elementor-widget elementor-widget-heading\" data-id=\"4875933\" data-element_type=\"widget\" data-e-type=\"widget\" data-widget_type=\"heading.default\">\n\t\t\t\t\t<h2 class=\"elementor-heading-title elementor-size-default\">Abonnez-vous pour recevoir les derni\u00e8res <br>nouveaut\u00e9s LOCK &amp; enjoy !<\/h2>\t\t\t\t<\/div>\n\t\t\t\t<div class=\"elementor-element elementor-element-8e2987d elementor-button-align-center elementor-widget elementor-widget-form\" data-id=\"8e2987d\" data-element_type=\"widget\" data-e-type=\"widget\" data-settings=\"{&quot;step_next_label&quot;:&quot;Suivant&quot;,&quot;step_previous_label&quot;:&quot;Ant\\u00e9rieur&quot;,&quot;button_width&quot;:&quot;100&quot;,&quot;step_type&quot;:&quot;number_text&quot;,&quot;step_icon_shape&quot;:&quot;circle&quot;}\" data-widget_type=\"form.default\">\n\t\t\t\t\t\t\t<form class=\"elementor-form\" method=\"post\" name=\"Nouveau formulaire\" aria-label=\"Nouveau formulaire\">\n\t\t\t<input type=\"hidden\" name=\"post_id\" value=\"98799\"\/>\n\t\t\t<input type=\"hidden\" name=\"form_id\" value=\"8e2987d\"\/>\n\t\t\t<input type=\"hidden\" name=\"referer_title\" value=\"Politique de confidentialit\u00e9 - LOCK &amp; enjoy!\" \/>\n\n\t\t\t\t\t\t\t<input type=\"hidden\" name=\"queried_id\" value=\"98799\"\/>\n\t\t\t\n\t\t\t<div class=\"elementor-form-fields-wrapper elementor-labels-\">\n\t\t\t\t\t\t\t\t<div class=\"elementor-field-type-email elementor-field-group elementor-column elementor-field-group-email elementor-col-100 elementor-field-required\">\n\t\t\t\t\t\t\t\t\t\t\t\t<label for=\"form-field-email\" class=\"elementor-field-label elementor-screen-only\">\n\t\t\t\t\t\t\t\tVotre adresse e-mail\t\t\t\t\t\t\t<\/label>\n\t\t\t\t\t\t\t\t\t\t\t\t\t\t<input size=\"1\" type=\"email\" name=\"form_fields[email]\" id=\"form-field-email\" class=\"elementor-field elementor-size-md  elementor-field-textual\" placeholder=\"Votre adresse e-mail\" required=\"required\">\n\t\t\t\t\t\t\t\t\t\t\t<\/div>\n\t\t\t\t\t\t\t\t<div class=\"elementor-field-type-acceptance elementor-field-group elementor-column elementor-field-group-field_67a7411 elementor-col-100 elementor-field-required\">\n\t\t\t\t\t\t\t\t\t\t\t\t<label for=\"form-field-field_67a7411\" class=\"elementor-field-label elementor-screen-only\">\n\t\t\t\t\t\t\t\taceptance\t\t\t\t\t\t\t<\/label>\n\t\t\t\t\t\t\t\t<div class=\"elementor-field-subgroup\">\n\t\t\t<span class=\"elementor-field-option\">\n\t\t\t\t<input type=\"checkbox\" name=\"form_fields[field_67a7411]\" id=\"form-field-field_67a7411\" class=\"elementor-field elementor-size-md  elementor-acceptance-field\" required=\"required\">\n\t\t\t\t<label for=\"form-field-field_67a7411\">J'ai lu et j'accepte les <a href=\"https:\/\/lockandenjoy.com\/fr\/termes-et-conditions-dutilisation\/\" target=\"_blank\" rel=\"noopener noreferrer\"> \nconditions d'utilisation\n<\/a><\/label>\t\t\t<\/span>\n\t\t<\/div>\n\t\t\t\t\t\t<\/div>\n\t\t\t\t\t\t\t\t<div class=\"elementor-field-group elementor-column elementor-field-type-submit elementor-col-100 e-form__buttons\">\n\t\t\t\t\t<button class=\"elementor-button elementor-size-md\" type=\"submit\">\n\t\t\t\t\t\t<span class=\"elementor-button-content-wrapper\">\n\t\t\t\t\t\t\t\t\t\t\t\t\t\t\t\t\t\t\t\t\t\t<span class=\"elementor-button-text\">Envoyer<\/span>\n\t\t\t\t\t\t\t\t\t\t\t\t\t<\/span>\n\t\t\t\t\t<\/button>\n\t\t\t\t<\/div>\n\t\t\t<\/div>\n\t\t<\/form>\n\t\t\t\t\t\t<\/div>\n\t\t\t\t<\/div>\n\t\t\t\t<\/div>\n\t\t","protected":false},"excerpt":{"rendered":"<p>Politique de confidentialit\u00e9 QUI EST LE RESPONSABLE DU TRAITEMENT DES DONN\u00c9ES PERSONNELLES ? Conform\u00e9ment aux dispositions de la r\u00e9glementation en vigueur, art. 24 du R\u00e8glement 2016\/679 du Parlement europ\u00e9en et du Conseil, du 27 avril 2016 (ci-apr\u00e8s RGPD), nous vous informons que les donn\u00e9es \u00e0 caract\u00e8re personnel que vous pourriez fournir lors de l&rsquo;utilisation de [&hellip;]<\/p>\n","protected":false},"author":16,"featured_media":0,"parent":0,"menu_order":0,"comment_status":"closed","ping_status":"closed","template":"","meta":{"inline_featured_image":false,"footnotes":""},"class_list":["post-98799","page","type-page","status-publish","hentry"],"yoast_head":"<!-- This site is optimized with the Yoast SEO plugin v26.7 - https:\/\/yoast.com\/wordpress\/plugins\/seo\/ -->\n<title>Politique de confidentialit\u00e9 - LOCK &amp; enjoy!<\/title>\n<meta name=\"robots\" content=\"index, follow, max-snippet:-1, max-image-preview:large, max-video-preview:-1\" \/>\n<link rel=\"canonical\" href=\"https:\/\/lockandenjoy.com\/fr\/politica-de-privacidad\/\" \/>\n<meta property=\"og:locale\" content=\"fr_FR\" \/>\n<meta property=\"og:type\" content=\"article\" \/>\n<meta property=\"og:title\" content=\"Politique de confidentialit\u00e9 - LOCK &amp; enjoy!\" \/>\n<meta property=\"og:description\" content=\"Politique de confidentialit\u00e9 QUI EST LE RESPONSABLE DU TRAITEMENT DES DONN\u00c9ES PERSONNELLES ? Conform\u00e9ment aux dispositions de la r\u00e9glementation en vigueur, art. 24 du R\u00e8glement 2016\/679 du Parlement europ\u00e9en et du Conseil, du 27 avril 2016 (ci-apr\u00e8s RGPD), nous vous informons que les donn\u00e9es \u00e0 caract\u00e8re personnel que vous pourriez fournir lors de l&rsquo;utilisation de [&hellip;]\" \/>\n<meta property=\"og:url\" content=\"https:\/\/lockandenjoy.com\/fr\/politica-de-privacidad\/\" \/>\n<meta property=\"og:site_name\" content=\"LOCK &amp; enjoy!\" \/>\n<meta property=\"article:modified_time\" content=\"2026-03-06T09:32:57+00:00\" \/>\n<meta name=\"twitter:card\" content=\"summary_large_image\" \/>\n<meta name=\"twitter:label1\" content=\"Dur\u00e9e de lecture estim\u00e9e\" \/>\n\t<meta name=\"twitter:data1\" content=\"6 minute\" \/>\n<script type=\"application\/ld+json\" class=\"yoast-schema-graph\">{\"@context\":\"https:\/\/schema.org\",\"@graph\":[{\"@type\":\"WebPage\",\"@id\":\"https:\/\/lockandenjoy.com\/fr\/politica-de-privacidad\/\",\"url\":\"https:\/\/lockandenjoy.com\/fr\/politica-de-privacidad\/\",\"name\":\"Politique de confidentialit\u00e9 - LOCK &amp; enjoy!\",\"isPartOf\":{\"@id\":\"https:\/\/lockandenjoy.com\/fr\/#website\"},\"datePublished\":\"2022-08-03T18:13:56+00:00\",\"dateModified\":\"2026-03-06T09:32:57+00:00\",\"breadcrumb\":{\"@id\":\"https:\/\/lockandenjoy.com\/fr\/politica-de-privacidad\/#breadcrumb\"},\"inLanguage\":\"fr-FR\",\"potentialAction\":[{\"@type\":\"ReadAction\",\"target\":[\"https:\/\/lockandenjoy.com\/fr\/politica-de-privacidad\/\"]}]},{\"@type\":\"BreadcrumbList\",\"@id\":\"https:\/\/lockandenjoy.com\/fr\/politica-de-privacidad\/#breadcrumb\",\"itemListElement\":[{\"@type\":\"ListItem\",\"position\":1,\"name\":\"LOCK &amp; enjoy!\",\"item\":\"https:\/\/lockandenjoy.com\/fr\/\"},{\"@type\":\"ListItem\",\"position\":2,\"name\":\"Politique de confidentialit\u00e9\"}]},{\"@type\":\"WebSite\",\"@id\":\"https:\/\/lockandenjoy.com\/fr\/#website\",\"url\":\"https:\/\/lockandenjoy.com\/fr\/\",\"name\":\"LOCK &amp; enjoy!\",\"description\":\"\",\"potentialAction\":[{\"@type\":\"SearchAction\",\"target\":{\"@type\":\"EntryPoint\",\"urlTemplate\":\"https:\/\/lockandenjoy.com\/fr\/?s={search_term_string}\"},\"query-input\":{\"@type\":\"PropertyValueSpecification\",\"valueRequired\":true,\"valueName\":\"search_term_string\"}}],\"inLanguage\":\"fr-FR\"}]}<\/script>\n<!-- \/ Yoast SEO plugin. -->","yoast_head_json":{"title":"Politique de confidentialit\u00e9 - LOCK &amp; enjoy!","robots":{"index":"index","follow":"follow","max-snippet":"max-snippet:-1","max-image-preview":"max-image-preview:large","max-video-preview":"max-video-preview:-1"},"canonical":"https:\/\/lockandenjoy.com\/fr\/politica-de-privacidad\/","og_locale":"fr_FR","og_type":"article","og_title":"Politique de confidentialit\u00e9 - LOCK &amp; enjoy!","og_description":"Politique de confidentialit\u00e9 QUI EST LE RESPONSABLE DU TRAITEMENT DES DONN\u00c9ES PERSONNELLES ? Conform\u00e9ment aux dispositions de la r\u00e9glementation en vigueur, art. 24 du R\u00e8glement 2016\/679 du Parlement europ\u00e9en et du Conseil, du 27 avril 2016 (ci-apr\u00e8s RGPD), nous vous informons que les donn\u00e9es \u00e0 caract\u00e8re personnel que vous pourriez fournir lors de l&rsquo;utilisation de [&hellip;]","og_url":"https:\/\/lockandenjoy.com\/fr\/politica-de-privacidad\/","og_site_name":"LOCK &amp; enjoy!","article_modified_time":"2026-03-06T09:32:57+00:00","twitter_card":"summary_large_image","twitter_misc":{"Dur\u00e9e de lecture estim\u00e9e":"6 minute"},"schema":{"@context":"https:\/\/schema.org","@graph":[{"@type":"WebPage","@id":"https:\/\/lockandenjoy.com\/fr\/politica-de-privacidad\/","url":"https:\/\/lockandenjoy.com\/fr\/politica-de-privacidad\/","name":"Politique de confidentialit\u00e9 - LOCK &amp; enjoy!","isPartOf":{"@id":"https:\/\/lockandenjoy.com\/fr\/#website"},"datePublished":"2022-08-03T18:13:56+00:00","dateModified":"2026-03-06T09:32:57+00:00","breadcrumb":{"@id":"https:\/\/lockandenjoy.com\/fr\/politica-de-privacidad\/#breadcrumb"},"inLanguage":"fr-FR","potentialAction":[{"@type":"ReadAction","target":["https:\/\/lockandenjoy.com\/fr\/politica-de-privacidad\/"]}]},{"@type":"BreadcrumbList","@id":"https:\/\/lockandenjoy.com\/fr\/politica-de-privacidad\/#breadcrumb","itemListElement":[{"@type":"ListItem","position":1,"name":"LOCK &amp; enjoy!","item":"https:\/\/lockandenjoy.com\/fr\/"},{"@type":"ListItem","position":2,"name":"Politique de confidentialit\u00e9"}]},{"@type":"WebSite","@id":"https:\/\/lockandenjoy.com\/fr\/#website","url":"https:\/\/lockandenjoy.com\/fr\/","name":"LOCK &amp; enjoy!","description":"","potentialAction":[{"@type":"SearchAction","target":{"@type":"EntryPoint","urlTemplate":"https:\/\/lockandenjoy.com\/fr\/?s={search_term_string}"},"query-input":{"@type":"PropertyValueSpecification","valueRequired":true,"valueName":"search_term_string"}}],"inLanguage":"fr-FR"}]}},"_links":{"self":[{"href":"https:\/\/lockandenjoy.com\/fr\/wp-json\/wp\/v2\/pages\/98799","targetHints":{"allow":["GET"]}}],"collection":[{"href":"https:\/\/lockandenjoy.com\/fr\/wp-json\/wp\/v2\/pages"}],"about":[{"href":"https:\/\/lockandenjoy.com\/fr\/wp-json\/wp\/v2\/types\/page"}],"author":[{"embeddable":true,"href":"https:\/\/lockandenjoy.com\/fr\/wp-json\/wp\/v2\/users\/16"}],"replies":[{"embeddable":true,"href":"https:\/\/lockandenjoy.com\/fr\/wp-json\/wp\/v2\/comments?post=98799"}],"version-history":[{"count":2,"href":"https:\/\/lockandenjoy.com\/fr\/wp-json\/wp\/v2\/pages\/98799\/revisions"}],"predecessor-version":[{"id":107471,"href":"https:\/\/lockandenjoy.com\/fr\/wp-json\/wp\/v2\/pages\/98799\/revisions\/107471"}],"wp:attachment":[{"href":"https:\/\/lockandenjoy.com\/fr\/wp-json\/wp\/v2\/media?parent=98799"}],"curies":[{"name":"wp","href":"https:\/\/api.w.org\/{rel}","templated":true}]}}