{"id":98793,"date":"2022-07-23T10:03:37","date_gmt":"2022-07-23T10:03:37","guid":{"rendered":"https:\/\/lockandenjoy.com\/politique-de-cookies\/"},"modified":"2026-03-06T09:28:30","modified_gmt":"2026-03-06T09:28:30","slug":"politica-de-cookies","status":"publish","type":"page","link":"https:\/\/lockandenjoy.com\/fr\/politica-de-cookies\/","title":{"rendered":"Politique de cookies"},"content":{"rendered":"\t\t<div data-elementor-type=\"wp-page\" data-elementor-id=\"98793\" class=\"elementor elementor-98793 elementor-1779\" data-elementor-post-type=\"page\">\n\t\t\t\t<div class=\"elementor-element elementor-element-05be25d e-flex e-con-boxed e-con e-parent\" data-id=\"05be25d\" data-element_type=\"container\" data-e-type=\"container\">\n\t\t\t\t\t<div class=\"e-con-inner\">\n\t\t\t\t<div class=\"elementor-element elementor-element-0697f3b elementor-widget elementor-widget-heading\" data-id=\"0697f3b\" data-element_type=\"widget\" data-e-type=\"widget\" data-widget_type=\"heading.default\">\n\t\t\t\t\t<h2 class=\"elementor-heading-title elementor-size-default\">Politique de cookies<\/h2>\t\t\t\t<\/div>\n\t\t\t\t<div class=\"elementor-element elementor-element-2446554 elementor-widget elementor-widget-text-editor\" data-id=\"2446554\" data-element_type=\"widget\" data-e-type=\"widget\" data-widget_type=\"text-editor.default\">\n\t\t\t\t\t\t\t\t\t<p class=\"p1\">Nous pouvons d\u00e9finir un cookie comme un fichier qui se t\u00e9l\u00e9charge sur votre ordinateur lorsque vous acc\u00e9dez \u00e0 certaines pages web. Les cookies permettent \u00e0 un site web, entre autres choses, de stocker et de r\u00e9cup\u00e9rer des informations sur les habitudes de navigation d&rsquo;un utilisateur ou de son \u00e9quipement et, selon les informations qu&rsquo;ils contiennent et la fa\u00e7on dont votre \u00e9quipement est utilis\u00e9, peuvent servir \u00e0 reconna\u00eetre l&rsquo;utilisateur. Le navigateur de l&rsquo;utilisateur m\u00e9morise les cookies sur le disque dur seulement pendant la session en cours, occupant un espace m\u00e9moire minimal et sans nuire \u00e0 l&rsquo;ordinateur. Les cookies ne contiennent aucune information personnelle sp\u00e9cifique, et la majorit\u00e9 d&rsquo;entre eux sont effac\u00e9s du disque dur \u00e0 la fin de la session du navigateur (les soi-disant cookies de session).   <\/p><p class=\"p1\">La plupart des navigateurs acceptent les cookies comme norme et, ind\u00e9pendamment de ceux-ci, permettent ou emp\u00eachent dans les param\u00e8tres de s\u00e9curit\u00e9 les cookies temporaires ou m\u00e9moris\u00e9s.<\/p><p class=\"p1\">Sans son consentement explicite \u2013 en activant les cookies dans son navigateur \u2013 il ne liera pas les donn\u00e9es m\u00e9moris\u00e9es par les cookies aux donn\u00e9es personnelles fournies au moment de l&rsquo;inscription ou de l&rsquo;achat.<\/p><p class=\"p1\"><b>Quels types de cookies ce site web utilise-t-il ?<\/b><\/p><ul class=\"ul1\"><li class=\"li2\"><b>Cookies techniques<\/b>Ce sont celles qui permettent \u00e0 l&rsquo;utilisateur de naviguer \u00e0 travers une page web, une plateforme ou une application et d&rsquo;utiliser les diff\u00e9rentes options ou services qui y existent, tels que, par exemple, contr\u00f4ler le trafic et la communication de donn\u00e9es, identifier la session, acc\u00e9der \u00e0 des parties \u00e0 acc\u00e8s restreint, se souvenir des \u00e9l\u00e9ments qui composent une commande, effectuer le processus d&rsquo;achat d&rsquo;une commande, demander l&rsquo;inscription ou la participation \u00e0 un \u00e9v\u00e9nement, utiliser des \u00e9l\u00e9ments de s\u00e9curit\u00e9 pendant la navigation, stocker du contenu pour la diffusion de vid\u00e9os ou de sons, ou partager du contenu via les r\u00e9seaux sociaux.<\/li><li class=\"li2\">Les cookies de personnalisation sont ceux qui permettent \u00e0 l&rsquo;utilisateur d&rsquo;acc\u00e9der au service avec certaines caract\u00e9ristiques g\u00e9n\u00e9rales pr\u00e9d\u00e9finies en fonction d&rsquo;une s\u00e9rie de crit\u00e8res sur le terminal de l&rsquo;utilisateur, tels que la langue, le type de navigateur utilis\u00e9 pour acc\u00e9der au service, la configuration r\u00e9gionale depuis laquelle l&rsquo;utilisateur acc\u00e8de au service, etc.<\/li><li class=\"li2\">Les cookies d&rsquo;analyse sont celles qui, correctement trait\u00e9es par nous ou par des tiers, nous permettent de quantifier le nombre d&rsquo;utilisateurs et ainsi de r\u00e9aliser la mesure et l&rsquo;analyse statistique de l&rsquo;utilisation que font les utilisateurs du service offert. Pour ce faire, leur navigation sur notre site web est analys\u00e9e afin d&rsquo;am\u00e9liorer l&rsquo;offre de produits ou de services que nous leur proposons. <\/li><\/ul><p class=\"p1\">L&rsquo;utilisateur accepte express\u00e9ment, par l&rsquo;utilisation de ce site Web, le traitement des informations recueillies de la mani\u00e8re et \u00e0 des fins mentionn\u00e9es ci-dessus. Il reconna\u00eet \u00e9galement \u00eatre conscient de la possibilit\u00e9 de refuser le traitement de ces donn\u00e9es ou informations en refusant l&rsquo;utilisation de cookies par la s\u00e9lection des param\u00e8tres appropri\u00e9s \u00e0 cet effet dans son navigateur. Cependant, cette option de blocage des cookies dans votre navigateur peut ne pas vous permettre de profiter pleinement de toutes les fonctionnalit\u00e9s du site Web.  <\/p><p class=\"p1\">Vous pouvez autoriser, bloquer ou supprimer les cookies install\u00e9s sur votre ordinateur en configurant les options de votre navigateur :<\/p><ul class=\"ul1\"><li class=\"li3\"><span class=\"s2\"><a href=\"http:\/\/support.google.com\/chrome\/bin\/answer.py?hl=es&amp;answer=95647\"><span class=\"s3\">Chrome<\/span><\/a><\/span><\/li><li class=\"li3\"><span class=\"s2\"><a href=\"http:\/\/windows.microsoft.com\/es-es\/windows7\/how-to-manage-cookies-in-internet-explorer-9\"><span class=\"s3\">Explorer<\/span><\/a><\/span><\/li><li class=\"li3\"><span class=\"s2\"><a href=\"http:\/\/support.mozilla.org\/es\/kb\/habilitar-y-deshabilitar-cookies-que-los-sitios-we\"><span class=\"s3\">Firefox<\/span><\/a><\/span><\/li><li class=\"li3\"><span class=\"s2\"><a href=\"http:\/\/support.apple.com\/kb\/ph5042\"><span class=\"s3\">Safari<\/span><\/a><\/span><\/li><\/ul><p class=\"p1\">Si vous avez des questions concernant notre politique en mati\u00e8re de cookies, vous pouvez contacter <span class=\"s4\"><a href=\"mailto:info@lockandenjoy.com\">info@lockandenjoy.com<\/a><\/span><\/p>\t\t\t\t\t\t\t\t<\/div>\n\t\t\t\t\t<\/div>\n\t\t\t\t<\/div>\n\t\t<div class=\"elementor-element elementor-element-48ab13b e-flex e-con-boxed e-con e-parent\" data-id=\"48ab13b\" data-element_type=\"container\" data-e-type=\"container\" data-settings=\"{&quot;background_background&quot;:&quot;classic&quot;}\">\n\t\t\t\t\t<div class=\"e-con-inner\">\n\t\t\t\t<div class=\"elementor-element elementor-element-958e443 elementor-widget elementor-widget-heading\" data-id=\"958e443\" data-element_type=\"widget\" data-e-type=\"widget\" data-widget_type=\"heading.default\">\n\t\t\t\t\t<p class=\"elementor-heading-title elementor-size-default\"><a href=\"https:\/\/lockandenjoy.com\/fr\/\">LOCK &amp; Enjoy!<\/a><\/p>\t\t\t\t<\/div>\n\t\t\t\t<div class=\"elementor-element elementor-element-c9407a2 elementor-widget elementor-widget-heading\" data-id=\"c9407a2\" data-element_type=\"widget\" data-e-type=\"widget\" data-widget_type=\"heading.default\">\n\t\t\t\t\t<p class=\"elementor-heading-title elementor-size-default\">\/<\/p>\t\t\t\t<\/div>\n\t\t\t\t\t<\/div>\n\t\t\t\t<\/div>\n\t\t<div class=\"elementor-element elementor-element-3430289 e-con-full e-flex e-con e-parent\" data-id=\"3430289\" data-element_type=\"container\" data-e-type=\"container\" data-settings=\"{&quot;background_background&quot;:&quot;classic&quot;}\">\n\t\t\t\t<div class=\"elementor-element elementor-element-b85de1c elementor-widget elementor-widget-heading\" data-id=\"b85de1c\" data-element_type=\"widget\" data-e-type=\"widget\" data-widget_type=\"heading.default\">\n\t\t\t\t\t<h2 class=\"elementor-heading-title elementor-size-default\">Abonnez-vous pour recevoir les derni\u00e8res <br>nouveaut\u00e9s LOCK &amp; enjoy !<\/h2>\t\t\t\t<\/div>\n\t\t\t\t<div class=\"elementor-element elementor-element-ca86c48 elementor-button-align-center elementor-widget elementor-widget-form\" data-id=\"ca86c48\" data-element_type=\"widget\" data-e-type=\"widget\" data-settings=\"{&quot;step_next_label&quot;:&quot;Suivant&quot;,&quot;step_previous_label&quot;:&quot;Ant\\u00e9rieur&quot;,&quot;button_width&quot;:&quot;100&quot;,&quot;step_type&quot;:&quot;number_text&quot;,&quot;step_icon_shape&quot;:&quot;circle&quot;}\" data-widget_type=\"form.default\">\n\t\t\t\t\t\t\t<form class=\"elementor-form\" method=\"post\" name=\"Nouveau formulaire\" aria-label=\"Nouveau formulaire\">\n\t\t\t<input type=\"hidden\" name=\"post_id\" value=\"98793\"\/>\n\t\t\t<input type=\"hidden\" name=\"form_id\" value=\"ca86c48\"\/>\n\t\t\t<input type=\"hidden\" name=\"referer_title\" value=\"Politique de cookies - LOCK &amp; enjoy!\" \/>\n\n\t\t\t\t\t\t\t<input type=\"hidden\" name=\"queried_id\" value=\"98793\"\/>\n\t\t\t\n\t\t\t<div class=\"elementor-form-fields-wrapper elementor-labels-\">\n\t\t\t\t\t\t\t\t<div class=\"elementor-field-type-email elementor-field-group elementor-column elementor-field-group-email elementor-col-100 elementor-field-required\">\n\t\t\t\t\t\t\t\t\t\t\t\t<label for=\"form-field-email\" class=\"elementor-field-label elementor-screen-only\">\n\t\t\t\t\t\t\t\tVotre adresse e-mail\t\t\t\t\t\t\t<\/label>\n\t\t\t\t\t\t\t\t\t\t\t\t\t\t<input size=\"1\" type=\"email\" name=\"form_fields[email]\" id=\"form-field-email\" class=\"elementor-field elementor-size-md  elementor-field-textual\" placeholder=\"Votre adresse e-mail\" required=\"required\">\n\t\t\t\t\t\t\t\t\t\t\t<\/div>\n\t\t\t\t\t\t\t\t<div class=\"elementor-field-type-acceptance elementor-field-group elementor-column elementor-field-group-field_67a7411 elementor-col-100 elementor-field-required\">\n\t\t\t\t\t\t\t\t\t\t\t\t<label for=\"form-field-field_67a7411\" class=\"elementor-field-label elementor-screen-only\">\n\t\t\t\t\t\t\t\taceptance\t\t\t\t\t\t\t<\/label>\n\t\t\t\t\t\t\t\t<div class=\"elementor-field-subgroup\">\n\t\t\t<span class=\"elementor-field-option\">\n\t\t\t\t<input type=\"checkbox\" name=\"form_fields[field_67a7411]\" id=\"form-field-field_67a7411\" class=\"elementor-field elementor-size-md  elementor-acceptance-field\" required=\"required\">\n\t\t\t\t<label for=\"form-field-field_67a7411\">J'ai lu et j'accepte les <a href=\"https:\/\/lockandenjoy.com\/fr\/termes-et-conditions-dutilisation\/\" target=\"_blank\" rel=\"noopener noreferrer\"> \nconditions d'utilisation\n<\/a><\/label>\t\t\t<\/span>\n\t\t<\/div>\n\t\t\t\t\t\t<\/div>\n\t\t\t\t\t\t\t\t<div class=\"elementor-field-group elementor-column elementor-field-type-submit elementor-col-100 e-form__buttons\">\n\t\t\t\t\t<button class=\"elementor-button elementor-size-md\" type=\"submit\">\n\t\t\t\t\t\t<span class=\"elementor-button-content-wrapper\">\n\t\t\t\t\t\t\t\t\t\t\t\t\t\t\t\t\t\t\t\t\t\t<span class=\"elementor-button-text\">Envoyer<\/span>\n\t\t\t\t\t\t\t\t\t\t\t\t\t<\/span>\n\t\t\t\t\t<\/button>\n\t\t\t\t<\/div>\n\t\t\t<\/div>\n\t\t<\/form>\n\t\t\t\t\t\t<\/div>\n\t\t\t\t<\/div>\n\t\t\t\t<\/div>\n\t\t","protected":false},"excerpt":{"rendered":"<p>Politique de cookies Nous pouvons d\u00e9finir un cookie comme un fichier qui se t\u00e9l\u00e9charge sur votre ordinateur lorsque vous acc\u00e9dez \u00e0 certaines pages web. Les cookies permettent \u00e0 un site web, entre autres choses, de stocker et de r\u00e9cup\u00e9rer des informations sur les habitudes de navigation d&rsquo;un utilisateur ou de son \u00e9quipement et, selon les [&hellip;]<\/p>\n","protected":false},"author":16,"featured_media":0,"parent":0,"menu_order":0,"comment_status":"closed","ping_status":"closed","template":"","meta":{"inline_featured_image":false,"footnotes":""},"class_list":["post-98793","page","type-page","status-publish","hentry"],"yoast_head":"<!-- This site is optimized with the Yoast SEO plugin v26.7 - https:\/\/yoast.com\/wordpress\/plugins\/seo\/ -->\n<title>Politique de cookies - LOCK &amp; enjoy!<\/title>\n<meta name=\"robots\" content=\"index, follow, max-snippet:-1, max-image-preview:large, max-video-preview:-1\" \/>\n<link rel=\"canonical\" href=\"https:\/\/lockandenjoy.com\/fr\/politica-de-cookies\/\" \/>\n<meta property=\"og:locale\" content=\"fr_FR\" \/>\n<meta property=\"og:type\" content=\"article\" \/>\n<meta property=\"og:title\" content=\"Politique de cookies - LOCK &amp; enjoy!\" \/>\n<meta property=\"og:description\" content=\"Politique de cookies Nous pouvons d\u00e9finir un cookie comme un fichier qui se t\u00e9l\u00e9charge sur votre ordinateur lorsque vous acc\u00e9dez \u00e0 certaines pages web. Les cookies permettent \u00e0 un site web, entre autres choses, de stocker et de r\u00e9cup\u00e9rer des informations sur les habitudes de navigation d&rsquo;un utilisateur ou de son \u00e9quipement et, selon les [&hellip;]\" \/>\n<meta property=\"og:url\" content=\"https:\/\/lockandenjoy.com\/fr\/politica-de-cookies\/\" \/>\n<meta property=\"og:site_name\" content=\"LOCK &amp; enjoy!\" \/>\n<meta property=\"article:modified_time\" content=\"2026-03-06T09:28:30+00:00\" \/>\n<meta name=\"twitter:card\" content=\"summary_large_image\" \/>\n<meta name=\"twitter:label1\" content=\"Dur\u00e9e de lecture estim\u00e9e\" \/>\n\t<meta name=\"twitter:data1\" content=\"3 minute\" \/>\n<script type=\"application\/ld+json\" class=\"yoast-schema-graph\">{\"@context\":\"https:\/\/schema.org\",\"@graph\":[{\"@type\":\"WebPage\",\"@id\":\"https:\/\/lockandenjoy.com\/fr\/politica-de-cookies\/\",\"url\":\"https:\/\/lockandenjoy.com\/fr\/politica-de-cookies\/\",\"name\":\"Politique de cookies - LOCK &amp; enjoy!\",\"isPartOf\":{\"@id\":\"https:\/\/lockandenjoy.com\/fr\/#website\"},\"datePublished\":\"2022-07-23T10:03:37+00:00\",\"dateModified\":\"2026-03-06T09:28:30+00:00\",\"breadcrumb\":{\"@id\":\"https:\/\/lockandenjoy.com\/fr\/politica-de-cookies\/#breadcrumb\"},\"inLanguage\":\"fr-FR\",\"potentialAction\":[{\"@type\":\"ReadAction\",\"target\":[\"https:\/\/lockandenjoy.com\/fr\/politica-de-cookies\/\"]}]},{\"@type\":\"BreadcrumbList\",\"@id\":\"https:\/\/lockandenjoy.com\/fr\/politica-de-cookies\/#breadcrumb\",\"itemListElement\":[{\"@type\":\"ListItem\",\"position\":1,\"name\":\"LOCK &amp; enjoy!\",\"item\":\"https:\/\/lockandenjoy.com\/fr\/\"},{\"@type\":\"ListItem\",\"position\":2,\"name\":\"Politique de cookies\"}]},{\"@type\":\"WebSite\",\"@id\":\"https:\/\/lockandenjoy.com\/fr\/#website\",\"url\":\"https:\/\/lockandenjoy.com\/fr\/\",\"name\":\"LOCK &amp; enjoy!\",\"description\":\"\",\"potentialAction\":[{\"@type\":\"SearchAction\",\"target\":{\"@type\":\"EntryPoint\",\"urlTemplate\":\"https:\/\/lockandenjoy.com\/fr\/?s={search_term_string}\"},\"query-input\":{\"@type\":\"PropertyValueSpecification\",\"valueRequired\":true,\"valueName\":\"search_term_string\"}}],\"inLanguage\":\"fr-FR\"}]}<\/script>\n<!-- \/ Yoast SEO plugin. -->","yoast_head_json":{"title":"Politique de cookies - LOCK &amp; enjoy!","robots":{"index":"index","follow":"follow","max-snippet":"max-snippet:-1","max-image-preview":"max-image-preview:large","max-video-preview":"max-video-preview:-1"},"canonical":"https:\/\/lockandenjoy.com\/fr\/politica-de-cookies\/","og_locale":"fr_FR","og_type":"article","og_title":"Politique de cookies - LOCK &amp; enjoy!","og_description":"Politique de cookies Nous pouvons d\u00e9finir un cookie comme un fichier qui se t\u00e9l\u00e9charge sur votre ordinateur lorsque vous acc\u00e9dez \u00e0 certaines pages web. Les cookies permettent \u00e0 un site web, entre autres choses, de stocker et de r\u00e9cup\u00e9rer des informations sur les habitudes de navigation d&rsquo;un utilisateur ou de son \u00e9quipement et, selon les [&hellip;]","og_url":"https:\/\/lockandenjoy.com\/fr\/politica-de-cookies\/","og_site_name":"LOCK &amp; enjoy!","article_modified_time":"2026-03-06T09:28:30+00:00","twitter_card":"summary_large_image","twitter_misc":{"Dur\u00e9e de lecture estim\u00e9e":"3 minute"},"schema":{"@context":"https:\/\/schema.org","@graph":[{"@type":"WebPage","@id":"https:\/\/lockandenjoy.com\/fr\/politica-de-cookies\/","url":"https:\/\/lockandenjoy.com\/fr\/politica-de-cookies\/","name":"Politique de cookies - LOCK &amp; enjoy!","isPartOf":{"@id":"https:\/\/lockandenjoy.com\/fr\/#website"},"datePublished":"2022-07-23T10:03:37+00:00","dateModified":"2026-03-06T09:28:30+00:00","breadcrumb":{"@id":"https:\/\/lockandenjoy.com\/fr\/politica-de-cookies\/#breadcrumb"},"inLanguage":"fr-FR","potentialAction":[{"@type":"ReadAction","target":["https:\/\/lockandenjoy.com\/fr\/politica-de-cookies\/"]}]},{"@type":"BreadcrumbList","@id":"https:\/\/lockandenjoy.com\/fr\/politica-de-cookies\/#breadcrumb","itemListElement":[{"@type":"ListItem","position":1,"name":"LOCK &amp; enjoy!","item":"https:\/\/lockandenjoy.com\/fr\/"},{"@type":"ListItem","position":2,"name":"Politique de cookies"}]},{"@type":"WebSite","@id":"https:\/\/lockandenjoy.com\/fr\/#website","url":"https:\/\/lockandenjoy.com\/fr\/","name":"LOCK &amp; enjoy!","description":"","potentialAction":[{"@type":"SearchAction","target":{"@type":"EntryPoint","urlTemplate":"https:\/\/lockandenjoy.com\/fr\/?s={search_term_string}"},"query-input":{"@type":"PropertyValueSpecification","valueRequired":true,"valueName":"search_term_string"}}],"inLanguage":"fr-FR"}]}},"_links":{"self":[{"href":"https:\/\/lockandenjoy.com\/fr\/wp-json\/wp\/v2\/pages\/98793","targetHints":{"allow":["GET"]}}],"collection":[{"href":"https:\/\/lockandenjoy.com\/fr\/wp-json\/wp\/v2\/pages"}],"about":[{"href":"https:\/\/lockandenjoy.com\/fr\/wp-json\/wp\/v2\/types\/page"}],"author":[{"embeddable":true,"href":"https:\/\/lockandenjoy.com\/fr\/wp-json\/wp\/v2\/users\/16"}],"replies":[{"embeddable":true,"href":"https:\/\/lockandenjoy.com\/fr\/wp-json\/wp\/v2\/comments?post=98793"}],"version-history":[{"count":2,"href":"https:\/\/lockandenjoy.com\/fr\/wp-json\/wp\/v2\/pages\/98793\/revisions"}],"predecessor-version":[{"id":107465,"href":"https:\/\/lockandenjoy.com\/fr\/wp-json\/wp\/v2\/pages\/98793\/revisions\/107465"}],"wp:attachment":[{"href":"https:\/\/lockandenjoy.com\/fr\/wp-json\/wp\/v2\/media?parent=98793"}],"curies":[{"name":"wp","href":"https:\/\/api.w.org\/{rel}","templated":true}]}}